{"id":1244,"date":"2021-12-27T08:01:00","date_gmt":"2021-12-27T07:01:00","guid":{"rendered":"http:\/\/toddy-roots-music.de\/?page_id=1244"},"modified":"2021-12-28T02:06:51","modified_gmt":"2021-12-28T01:06:51","slug":"piano-songs","status":"publish","type":"page","link":"https:\/\/toddy-roots-music.de\/?page_id=1244","title":{"rendered":"Piano Songs"},"content":{"rendered":"\n<p><p>\u00dcber die Zeit habe ich so viele kleine und gr\u00f6\u00dfere Piano St\u00fccke aufgenommen, dass diese nun endlich eine eigene Playlist verdient haben&nbsp;<\/p>\n<p>Dies sind meist ehr ruhigere, nachdenkliche St\u00fccke mit Tiefgang und viel Emotionen.&nbsp;Viel Spa\u00df und sch\u00f6nes Tr\u00e4umen&nbsp;<\/p>\n<p>&nbsp;<\/p>\n<p style=\"padding-left: 40px;\"><iframe loading=\"lazy\" src=\"https:\/\/w.soundcloud.com\/player\/?url=https%3A\/\/soundcloud.com\/user-49998035\/sets\/piano-songs?si=66db352ae9f74e1d8b4513e25261bd3d&amp;utm_source=clipboard&amp;utm_medium=text&amp;utm_campaign=social_sharing&amp;auto_play=false&amp;hide_related=false&amp;show_comments=true&amp;show_user=true&amp;show_reposts=false&amp;visual=true\" width=\"100%\" height=\"450\" frameborder=\"no\" scrolling=\"no\"><\/iframe><\/p><\/p>\n","protected":false},"excerpt":{"rendered":"<p>\u00dcber die Zeit habe ich so viele kleine und gr\u00f6\u00dfere Piano St\u00fccke aufgenommen, dass diese nun endlich eine eigene Playlist verdient haben&nbsp; Dies sind meist ehr ruhigere, nachdenkliche St\u00fccke mit Tiefgang und viel Emotionen.&nbsp;Viel Spa\u00df und sch\u00f6nes Tr\u00e4umen&nbsp; &nbsp;<\/p>\n","protected":false},"author":1,"featured_media":1250,"parent":56,"menu_order":0,"comment_status":"closed","ping_status":"closed","template":"","meta":{"footnotes":""},"class_list":["post-1244","page","type-page","status-publish","has-post-thumbnail","hentry"],"_links":{"self":[{"href":"https:\/\/toddy-roots-music.de\/index.php?rest_route=\/wp\/v2\/pages\/1244","targetHints":{"allow":["GET"]}}],"collection":[{"href":"https:\/\/toddy-roots-music.de\/index.php?rest_route=\/wp\/v2\/pages"}],"about":[{"href":"https:\/\/toddy-roots-music.de\/index.php?rest_route=\/wp\/v2\/types\/page"}],"author":[{"embeddable":true,"href":"https:\/\/toddy-roots-music.de\/index.php?rest_route=\/wp\/v2\/users\/1"}],"replies":[{"embeddable":true,"href":"https:\/\/toddy-roots-music.de\/index.php?rest_route=%2Fwp%2Fv2%2Fcomments&post=1244"}],"version-history":[{"count":11,"href":"https:\/\/toddy-roots-music.de\/index.php?rest_route=\/wp\/v2\/pages\/1244\/revisions"}],"predecessor-version":[{"id":1257,"href":"https:\/\/toddy-roots-music.de\/index.php?rest_route=\/wp\/v2\/pages\/1244\/revisions\/1257"}],"up":[{"embeddable":true,"href":"https:\/\/toddy-roots-music.de\/index.php?rest_route=\/wp\/v2\/pages\/56"}],"wp:featuredmedia":[{"embeddable":true,"href":"https:\/\/toddy-roots-music.de\/index.php?rest_route=\/wp\/v2\/media\/1250"}],"wp:attachment":[{"href":"https:\/\/toddy-roots-music.de\/index.php?rest_route=%2Fwp%2Fv2%2Fmedia&parent=1244"}],"curies":[{"name":"wp","href":"https:\/\/api.w.org\/{rel}","templated":true}]}}