{"id":14,"date":"2018-01-11T01:08:00","date_gmt":"2018-01-11T00:08:00","guid":{"rendered":"http:\/\/toddy-roots-music.com\/?page_id=14"},"modified":"2026-01-30T01:46:51","modified_gmt":"2026-01-30T00:46:51","slug":"startseite","status":"publish","type":"page","link":"https:\/\/toddy-roots-music.de\/","title":{"rendered":"Startseite"},"content":{"rendered":"\n<h4 class=\"wp-block-heading\">Herzlich Willkommen!<\/h4>\n\n\n\n<p><p>Auf dieser Seite gibt es eine kleine Auswahl<strong>&nbsp;meiner <a href=\"http:\/\/toddy-roots-music.com\/?page_id=56\">Musik<\/a><\/strong> zu h\u00f6ren.&nbsp;<br>Regelm\u00e4\u00dfig werden neue Songs hochgeladen, daher gern \u00f6fter vorbeischauen!&nbsp;<\/p>\n<p><span style=\"text-decoration: underline;\"><strong>Neuester Song:&nbsp;<\/strong><\/span><\/p>\n<p>&#8222;<em><strong>The Giant&#8217;s 1st Song<\/strong><\/em>&#8220;&nbsp;<\/p>\n<audio class=\"wp-audio-shortcode\" id=\"audio-14-1\" preload=\"none\" style=\"width: 100%;\" controls=\"controls\"><source type=\"audio\/mpeg\" src=\"http:\/\/toddy-roots-music.de\/wp-content\/uploads\/2021\/12\/2021-12-26-Giant-1st-Song-02_Bce.m4a?_=1\" \/><a href=\"http:\/\/toddy-roots-music.de\/wp-content\/uploads\/2021\/12\/2021-12-26-Giant-1st-Song-02_Bce.m4a\">http:\/\/toddy-roots-music.de\/wp-content\/uploads\/2021\/12\/2021-12-26-Giant-1st-Song-02_Bce.m4a<\/a><\/audio><\/p>\n\n\n\n<p><p><span style=\"text-decoration: underline;\">Neueste Song Uploads: &nbsp;<\/span><\/p>\n<p><strong><a href=\"http:\/\/toddy-roots-music.de\/?page_id=17\">Neue Songs 2021 &#8211; Album #1 &nbsp;\ud83c\udfb6<\/a><\/strong><\/p><\/p>\n\n\n\n\n\n<figure class=\"wp-block-audio\"><\/figure>\n\n\n\n<p class=\"has-text-align-center\"><strong><a href=\"https:\/\/toddy-roots-music.de\/?page_id=56\" data-type=\"page\" data-id=\"56\">Alle weiteren Songs sind in der Playlist mit allen Songs ab 2013 bis heute<\/a><\/strong><\/p>\n\n\n\n<p class=\"has-text-align-left\">Unter <strong><a title=\"http:\/\/toddy-roots-music.com\/?page_id=17\" href=\"http:\/\/toddy-roots-music.com\/?page_id=17\">News<\/a><\/strong> kannst du lesen, was es an neuen Songs und anderen Neuigkeiten gibt.<\/p>\n\n\n\n<p class=\"has-text-align-left\">In der Playlist mit allen meinen Songs sind nicht nach dramaturgischen Gesichtspunkten gelistet sondern schlicht in der Reihenfolge ihrer Entstehung bzw. ihrer Fertigstellung. Dagegen ist in den <strong><a href=\"http:\/\/toddy-roots-music.com\/?page_id=56\">Playlisten<\/a><\/strong>, die nach Jahren geordnet sind, die Reihenfolge der Songs Chronologisch, also nach dem Zeitpunkt ihrer &#8222;Geburt&#8220; sozusagen.&nbsp;<\/p>\n\n\n\n<p>Du hat einen <strong>Film\/TV<\/strong>-Beitrag und m\u00f6chtest einen Song als Begleitmusik verwenden verwenden? Bist Du <strong>Musiker<\/strong> und Dich hat ein Song inspiriert und Du m\u00f6chtest etwas beisteuern? Sehr gern! Melde Dich einfach und wir tun uns zusammen:<br><strong><em>post[at]toddy-roots-music.de<\/em><\/strong><\/p>\n\n\n\n<p>F\u00fcr Anregung und Kritik bin ich immer offen und freue mich!<br>Sende mir gern einen&nbsp;Kommentar per <strong>Mail<\/strong> an <em><strong>post[at]toddy-roots-music.de<\/strong><\/em><\/p>\n\n\n\n<p>Wenn Du \u00fcber neue Song-Uploads auf dem Laufenden gehalten werden m\u00f6chtest, dann sende mir gern eine <strong>Mail<\/strong> an <em><strong>post[at]toddy-roots-music.de<\/strong><\/em>&nbsp;und ich trage Dich in meinen&nbsp;<strong>Newsletter<\/strong> ein (auch per WhatsApp\/Messenger, falls Dir das lieber ist. Nenne mir hierzu bitte Deine Telefonnummer).<\/p>\n\n\n\n<p>Also dann\u2026viel Spa\u00df mit der <strong><a href=\"http:\/\/toddy-roots-music.com\/?page_id=56\">Musik<\/a><\/strong>!<\/p>\n\n\n\n<h1 class=\"wp-block-heading\">GITARRENUNTERRICHT<\/h1>\n\n\n\n<p>Wenn du auf der Suche nach professionellem&nbsp;<strong><a href=\"https:\/\/www.gitarrenlehrer-hamburg.de\" target=\"_blank\" rel=\"noreferrer noopener\">Gitarrenunterricht<\/a><\/strong>&nbsp;bist, individuell und pers\u00f6nlich auf Dich zugeschnitten , dann melde Dich einfach mal bei mir und wir unterhalten uns \u00fcber Deine Ziele und wie wir sie erreichen.<\/p>\n\n\n\n<p>Mehr Informationen bei:&nbsp;<strong><a href=\"https:\/\/www.gitarrenlehrer-hamburg.de\">Gitarrenlehrer-Hamburg.de<\/a><\/strong><\/p>\n\n\n\n<p>Ich freue mich \u00fcber eine Nachricht von Dir!<\/p>\n","protected":false},"excerpt":{"rendered":"<p>Herzlich Willkommen! Auf dieser Seite gibt es eine kleine Auswahl&nbsp;meiner Musik zu h\u00f6ren.&nbsp;Regelm\u00e4\u00dfig werden neue Songs hochgeladen, daher gern \u00f6fter vorbeischauen!&nbsp; Neuester Song:&nbsp; &#8222;The Giant&#8217;s 1st Song&#8220;&nbsp; Neueste Song Uploads: &nbsp; Neue Songs 2021 &#8211; Album #1 &nbsp;\ud83c\udfb6 Alle weiteren Songs sind in der Playlist mit allen Songs ab 2013 bis heute Unter News kannst &hellip; <\/p>\n<p class=\"link-more\"><a href=\"https:\/\/toddy-roots-music.de\/\" class=\"more-link\"><span class=\"screen-reader-text\">\u201eStartseite\u201c <\/span>weiterlesen<\/a><\/p>\n","protected":false},"author":1,"featured_media":0,"parent":0,"menu_order":0,"comment_status":"closed","ping_status":"closed","template":"","meta":{"footnotes":""},"class_list":["post-14","page","type-page","status-publish","hentry"],"_links":{"self":[{"href":"https:\/\/toddy-roots-music.de\/index.php?rest_route=\/wp\/v2\/pages\/14","targetHints":{"allow":["GET"]}}],"collection":[{"href":"https:\/\/toddy-roots-music.de\/index.php?rest_route=\/wp\/v2\/pages"}],"about":[{"href":"https:\/\/toddy-roots-music.de\/index.php?rest_route=\/wp\/v2\/types\/page"}],"author":[{"embeddable":true,"href":"https:\/\/toddy-roots-music.de\/index.php?rest_route=\/wp\/v2\/users\/1"}],"replies":[{"embeddable":true,"href":"https:\/\/toddy-roots-music.de\/index.php?rest_route=%2Fwp%2Fv2%2Fcomments&post=14"}],"version-history":[{"count":109,"href":"https:\/\/toddy-roots-music.de\/index.php?rest_route=\/wp\/v2\/pages\/14\/revisions"}],"predecessor-version":[{"id":1268,"href":"https:\/\/toddy-roots-music.de\/index.php?rest_route=\/wp\/v2\/pages\/14\/revisions\/1268"}],"wp:attachment":[{"href":"https:\/\/toddy-roots-music.de\/index.php?rest_route=%2Fwp%2Fv2%2Fmedia&parent=14"}],"curies":[{"name":"wp","href":"https:\/\/api.w.org\/{rel}","templated":true}]}}